{"id":1099,"date":"2024-03-26T18:54:30","date_gmt":"2024-03-26T17:54:30","guid":{"rendered":"https:\/\/msc-kassel.de\/?page_id=1099"},"modified":"2024-03-26T19:34:03","modified_gmt":"2024-03-26T18:34:03","slug":"events-2023","status":"publish","type":"page","link":"https:\/\/msc-kassel.de\/?page_id=1099","title":{"rendered":"Events 2023"},"content":{"rendered":"<h2>Winterwanderung 2023<\/h2>\n<figure id=\"attachment_1107\" aria-describedby=\"caption-attachment-1107\" style=\"width: 800px\" class=\"wp-caption aligncenter\"><img loading=\"lazy\" decoding=\"async\" class=\"size-full wp-image-1107\" src=\"https:\/\/msc-kassel.de\/wp-content\/uploads\/2024\/03\/Winterwanderung2023.jpg\" alt=\"Winterwanderung 2023\" width=\"800\" height=\"509\" srcset=\"https:\/\/msc-kassel.de\/wp-content\/uploads\/2024\/03\/Winterwanderung2023.jpg 800w, https:\/\/msc-kassel.de\/wp-content\/uploads\/2024\/03\/Winterwanderung2023-300x191.jpg 300w, https:\/\/msc-kassel.de\/wp-content\/uploads\/2024\/03\/Winterwanderung2023-768x489.jpg 768w\" sizes=\"auto, (max-width: 800px) 100vw, 800px\" \/><figcaption id=\"caption-attachment-1107\" class=\"wp-caption-text\">Winterwanderung 2023<\/figcaption><\/figure>\n<h2>Nikolaus Feier 2023<\/h2>\n<figure id=\"attachment_1059\" aria-describedby=\"caption-attachment-1059\" style=\"width: 300px\" class=\"wp-caption alignleft\"><img loading=\"lazy\" decoding=\"async\" class=\"size-medium wp-image-1059\" src=\"https:\/\/msc-kassel.de\/wp-content\/uploads\/2024\/01\/Nikolaus-300x225.jpg\" alt=\"Nikolaus Feier\" width=\"300\" height=\"225\" srcset=\"https:\/\/msc-kassel.de\/wp-content\/uploads\/2024\/01\/Nikolaus-300x225.jpg 300w, https:\/\/msc-kassel.de\/wp-content\/uploads\/2024\/01\/Nikolaus-768x576.jpg 768w, https:\/\/msc-kassel.de\/wp-content\/uploads\/2024\/01\/Nikolaus.jpg 1024w\" sizes=\"auto, (max-width: 300px) 100vw, 300px\" \/><figcaption id=\"caption-attachment-1059\" class=\"wp-caption-text\">Nikolaus Feier<\/figcaption><\/figure>\n<p>Eine Woche vor Weihnachten fand die Nikolaus Feier f\u00fcr unsere Kids und Jugend-Fahrer statt. Auch bei den VIPs herrscht zur Zeit Personalmangel, so dass Knecht Stefan als Vertreter derselben die Geschenke verteilen musste. Neben den Pr\u00e4senten war auch wie immer f\u00fcr Speisen und Getr\u00e4nke gesorgt. Gl\u00fchwein f\u00fcr die Erwachsenen und Kinderpunsch sorgten dazu f\u00fcr\u00a0 vorweihnachtliche Stimmung.<\/p>\n<p>Bei bestem Wetter spielte sich das wesentliche Geschehen nat\u00fcrlich in erster Linie am Lagerfeuer ab.<\/p>\n<figure id=\"attachment_1063\" aria-describedby=\"caption-attachment-1063\" style=\"width: 300px\" class=\"wp-caption alignright\"><img loading=\"lazy\" decoding=\"async\" class=\"size-medium wp-image-1063\" src=\"https:\/\/msc-kassel.de\/wp-content\/uploads\/2024\/01\/Feuerschale-300x225.jpg\" alt=\"Feuerschale\" width=\"300\" height=\"225\" srcset=\"https:\/\/msc-kassel.de\/wp-content\/uploads\/2024\/01\/Feuerschale-300x225.jpg 300w, https:\/\/msc-kassel.de\/wp-content\/uploads\/2024\/01\/Feuerschale-768x576.jpg 768w, https:\/\/msc-kassel.de\/wp-content\/uploads\/2024\/01\/Feuerschale.jpg 1024w\" sizes=\"auto, (max-width: 300px) 100vw, 300px\" \/><figcaption id=\"caption-attachment-1063\" class=\"wp-caption-text\">Feuerschale<\/figcaption><\/figure>\n<p>An der Feier sickerte auch langsam durch, dass der MSC Kassel an der Vebesserung der Situation f\u00fcr unseren Nachwuchs arbeitet. Kurz und gut, wir planen eine Trainingsstrecke, die alleine den Kids vorbehalten bleiben wird.<\/p>\n<h2>MSR Rennen 2023<\/h2>\n<p><iframe loading=\"lazy\" title=\"MSC Kassel \/ Spessart | flowty_fpv\" width=\"660\" height=\"371\" src=\"https:\/\/www.youtube.com\/embed\/SjmHYwfSleE?feature=oembed\" frameborder=\"0\" allow=\"accelerometer; autoplay; clipboard-write; encrypted-media; gyroscope; picture-in-picture; web-share\" referrerpolicy=\"strict-origin-when-cross-origin\" allowfullscreen><\/iframe><\/p>\n<p>Der Video Creator &#8222;<span class=\"x1lliihq x1plvlek xryxfnj x1n2onr6 x193iq5w xeuugli x1fj9vlw x13faqbe x1vvkbs x1s928wv xhkezso x1gmr53x x1cpjm7i x1fgarty x1943h6x x1i0vuye xvs91rp x1s688f x5n08af x10wh9bi x1wdrske x8viiok x18hxmgj\" dir=\"auto\">Flowty Fpv&#8220;<\/span> hat ein absolut sehenswertes Video zum Rennen 2023 gefilmt.<\/p>\n<p>Mehr Infos zum Filmer gibt es unter <a href=\"https:\/\/www.instagram.com\/flowty_fpv\/\">https:\/\/www.instagram.com\/flowty_fpv\/<\/a><\/p>\n","protected":false},"excerpt":{"rendered":"<p>Winterwanderung 2023 Nikolaus Feier 2023 Eine Woche vor Weihnachten fand die Nikolaus Feier f\u00fcr unsere Kids und Jugend-Fahrer statt. Auch bei den VIPs herrscht zur Zeit Personalmangel, so dass Knecht Stefan als Vertreter derselben die Geschenke verteilen musste. Neben den Pr\u00e4senten war auch wie immer f\u00fcr Speisen und Getr\u00e4nke gesorgt. Gl\u00fchwein f\u00fcr die Erwachsenen und &hellip; <a href=\"https:\/\/msc-kassel.de\/?page_id=1099\" class=\"more-link\"><span class=\"screen-reader-text\">Events 2023<\/span> weiterlesen<\/a><\/p>\n","protected":false},"author":3,"featured_media":0,"parent":0,"menu_order":0,"comment_status":"closed","ping_status":"closed","template":"","meta":{"footnotes":""},"class_list":["post-1099","page","type-page","status-publish","hentry"],"_links":{"self":[{"href":"https:\/\/msc-kassel.de\/index.php?rest_route=\/wp\/v2\/pages\/1099","targetHints":{"allow":["GET"]}}],"collection":[{"href":"https:\/\/msc-kassel.de\/index.php?rest_route=\/wp\/v2\/pages"}],"about":[{"href":"https:\/\/msc-kassel.de\/index.php?rest_route=\/wp\/v2\/types\/page"}],"author":[{"embeddable":true,"href":"https:\/\/msc-kassel.de\/index.php?rest_route=\/wp\/v2\/users\/3"}],"replies":[{"embeddable":true,"href":"https:\/\/msc-kassel.de\/index.php?rest_route=%2Fwp%2Fv2%2Fcomments&post=1099"}],"version-history":[{"count":4,"href":"https:\/\/msc-kassel.de\/index.php?rest_route=\/wp\/v2\/pages\/1099\/revisions"}],"predecessor-version":[{"id":1108,"href":"https:\/\/msc-kassel.de\/index.php?rest_route=\/wp\/v2\/pages\/1099\/revisions\/1108"}],"wp:attachment":[{"href":"https:\/\/msc-kassel.de\/index.php?rest_route=%2Fwp%2Fv2%2Fmedia&parent=1099"}],"curies":[{"name":"wp","href":"https:\/\/api.w.org\/{rel}","templated":true}]}}