{"id":1110,"date":"2024-03-27T08:46:09","date_gmt":"2024-03-27T07:46:09","guid":{"rendered":"https:\/\/msc-kassel.de\/?page_id=1110"},"modified":"2024-03-27T08:47:42","modified_gmt":"2024-03-27T07:47:42","slug":"events-2022","status":"publish","type":"page","link":"https:\/\/msc-kassel.de\/?page_id=1110","title":{"rendered":"Events 2022"},"content":{"rendered":"\r\n<div class=\"wp-block-media-text alignwide is-stacked-on-mobile\">\r\n<div class=\"wp-block-media-text__content\"><\/div>\r\n<\/div><!-- \/wp:media-text --><!-- wp:post-content --><h2>Tag der Kids mit anschlie\u00dfender &#8222;Sommernacht am Idel&#8220;<\/h2>\r\n<figure id=\"attachment_951\" aria-describedby=\"caption-attachment-951\" style=\"width: 800px\" class=\"wp-caption alignleft\"><img loading=\"lazy\" decoding=\"async\" class=\"wp-image-951 size-full\" src=\"https:\/\/msc-kassel.de\/wp-content\/uploads\/2022\/08\/P1010781.jpg\" alt=\"E-Motorrad Kurs\" width=\"800\" height=\"600\" srcset=\"https:\/\/msc-kassel.de\/wp-content\/uploads\/2022\/08\/P1010781.jpg 800w, https:\/\/msc-kassel.de\/wp-content\/uploads\/2022\/08\/P1010781-300x225.jpg 300w, https:\/\/msc-kassel.de\/wp-content\/uploads\/2022\/08\/P1010781-768x576.jpg 768w\" sizes=\"auto, (max-width: 800px) 100vw, 800px\" \/><figcaption id=\"caption-attachment-951\" class=\"wp-caption-text\">E-Motorrad Kurs<\/figcaption><\/figure>\r\n\r\nUm es gleich vorweg zu sagen, der Tag der Kids rund um die Rennstrecke &#8222;Am Idel&#8220; war ein grandioser Erfolg. Mit einem solchen Zuspruch hatten wir selber nicht gerechnet. Schon vor 10 Uhr bildete sich vor dem Eingang zu E-Strecke eine lange Warteschlange, die aber von allen Beteiligten geduldig ertragen wurde. Schlie\u00dflich hatten wir wieder bestes Wetter zu bieten und die Veranstalter von MotocrossLand hatten f\u00fcr jede Jahrgangsstufe das passende E-Motorrad bereit. Mit entsprechender Schutzkleidung ausgestattet durften sich die Kids einmal als echte Crosser durch das (zugegebenerma\u00dfen flache) Gel\u00e4nde bewegen. Trotzdem waren alle ganz stolz auf ihre Leistung, nachdem sie wieder vom Motorrad absteigen mussten. Die Frage nach einer zweiten Fahrt wurde dann auch mehrfach gestellt und auch erm\u00f6glicht.\r\n\r\n<figure id=\"attachment_952\" aria-describedby=\"caption-attachment-952\" style=\"width: 800px\" class=\"wp-caption alignright\"><img loading=\"lazy\" decoding=\"async\" class=\"wp-image-952 size-full\" src=\"https:\/\/msc-kassel.de\/wp-content\/uploads\/2022\/08\/P1010815.jpg\" alt=\"50 ccm Minis\" width=\"800\" height=\"600\" srcset=\"https:\/\/msc-kassel.de\/wp-content\/uploads\/2022\/08\/P1010815.jpg 800w, https:\/\/msc-kassel.de\/wp-content\/uploads\/2022\/08\/P1010815-300x225.jpg 300w, https:\/\/msc-kassel.de\/wp-content\/uploads\/2022\/08\/P1010815-768x576.jpg 768w\" sizes=\"auto, (max-width: 800px) 100vw, 800px\" \/><figcaption id=\"caption-attachment-952\" class=\"wp-caption-text\">50 ccm Minis<\/figcaption><\/figure>\r\n\r\nAb 13 Uhr begannen dann die schon aktiven Piloten der 50 ccm Klasse mit ihrem Lehrgang. In verschiedenen Gruppen ging es bei diesem Lehrgang unter anderem um K\u00f6rperhaltung, Kurventechnik und Linienwahl.\r\n\r\n<figure id=\"attachment_953\" aria-describedby=\"caption-attachment-953\" style=\"width: 300px\" class=\"wp-caption alignleft\"><img loading=\"lazy\" decoding=\"async\" class=\"size-medium wp-image-953\" src=\"https:\/\/msc-kassel.de\/wp-content\/uploads\/2022\/08\/P1010830-300x225.jpg\" alt=\"50 ccm Minis auf dem Table\" width=\"300\" height=\"225\" srcset=\"https:\/\/msc-kassel.de\/wp-content\/uploads\/2022\/08\/P1010830-300x225.jpg 300w, https:\/\/msc-kassel.de\/wp-content\/uploads\/2022\/08\/P1010830-768x576.jpg 768w, https:\/\/msc-kassel.de\/wp-content\/uploads\/2022\/08\/P1010830.jpg 800w\" sizes=\"auto, (max-width: 300px) 100vw, 300px\" \/><figcaption id=\"caption-attachment-953\" class=\"wp-caption-text\">50 ccm Minis auf dem Table<\/figcaption><\/figure>\r\n\r\nAuch diese Veranstaltung fand mit \u00fcber 30 Teilnehmern \u00fcberaus positiven Zuspruch, so dass Lehrende und Lernende zufrieden mit dem Tag waren. Zumal sowohl der Schnupperkurs als auch der 50 ccm Lehrgang ohne gro\u00dfe Blessuren \u00fcber die B\u00fchne ging.\r\n\r\n<figure id=\"attachment_955\" aria-describedby=\"caption-attachment-955\" style=\"width: 300px\" class=\"wp-caption alignright\"><img loading=\"lazy\" decoding=\"async\" class=\"size-medium wp-image-955\" src=\"https:\/\/msc-kassel.de\/wp-content\/uploads\/2022\/08\/P1010862-300x225.jpg\" alt=\"Offensichtlich zufriedene Besucher\" width=\"300\" height=\"225\" srcset=\"https:\/\/msc-kassel.de\/wp-content\/uploads\/2022\/08\/P1010862-300x225.jpg 300w, https:\/\/msc-kassel.de\/wp-content\/uploads\/2022\/08\/P1010862-768x576.jpg 768w, https:\/\/msc-kassel.de\/wp-content\/uploads\/2022\/08\/P1010862.jpg 800w\" sizes=\"auto, (max-width: 300px) 100vw, 300px\" \/><figcaption id=\"caption-attachment-955\" class=\"wp-caption-text\">Offensichtlich zufriedene Besucher<\/figcaption><\/figure>\r\n\r\nIm Rahmen der ja eigentlich zwei Veranstaltungen k\u00fcmmerte sich das Team des MSC wie gewohnt um ein ansprechendes Ambiente.\r\n\r\n<figure id=\"attachment_954\" aria-describedby=\"caption-attachment-954\" style=\"width: 300px\" class=\"wp-caption alignleft\"><img loading=\"lazy\" decoding=\"async\" class=\"size-medium wp-image-954\" src=\"https:\/\/msc-kassel.de\/wp-content\/uploads\/2022\/08\/P1010838-300x225.jpg\" alt=\"Pizzeria &quot;Am Idel&quot;\" width=\"300\" height=\"225\" srcset=\"https:\/\/msc-kassel.de\/wp-content\/uploads\/2022\/08\/P1010838-300x225.jpg 300w, https:\/\/msc-kassel.de\/wp-content\/uploads\/2022\/08\/P1010838-768x576.jpg 768w, https:\/\/msc-kassel.de\/wp-content\/uploads\/2022\/08\/P1010838.jpg 800w\" sizes=\"auto, (max-width: 300px) 100vw, 300px\" \/><figcaption id=\"caption-attachment-954\" class=\"wp-caption-text\">Pizzeria &#8222;Am Idel&#8220;<\/figcaption><\/figure>\r\n\r\nDie Bratwurst vom Tage wurde gegen nachmittag von Pizzen abgel\u00f6st, die Kaltgetr\u00e4nke blieben, allerdings wurde dieses Angebot um eine Auswahl von Cocktails erg\u00e4nzt. So l\u00e4sst man sich nat\u00fcrlich eine &#8222;Sommernacht am Idel&#8220; gerne gefallen.\r\n\r\n<figure id=\"attachment_956\" aria-describedby=\"caption-attachment-956\" style=\"width: 300px\" class=\"wp-caption alignright\"><img loading=\"lazy\" decoding=\"async\" class=\"size-medium wp-image-956\" src=\"https:\/\/msc-kassel.de\/wp-content\/uploads\/2022\/08\/P1010867-300x225.jpg\" alt=\"Masterpiece of Pizza\" width=\"300\" height=\"225\" srcset=\"https:\/\/msc-kassel.de\/wp-content\/uploads\/2022\/08\/P1010867-300x225.jpg 300w, https:\/\/msc-kassel.de\/wp-content\/uploads\/2022\/08\/P1010867-768x576.jpg 768w, https:\/\/msc-kassel.de\/wp-content\/uploads\/2022\/08\/P1010867.jpg 800w\" sizes=\"auto, (max-width: 300px) 100vw, 300px\" \/><figcaption id=\"caption-attachment-956\" class=\"wp-caption-text\">Masterpiece of Pizza Mix EXTRA XXL<\/figcaption><\/figure>\r\n\r\nUnser Dank gilt nach diesem Tag wie immer allen Beteiligten, damit meinen wir in erster Linie die Kids und deren geduldigen Eltern, den Besuchern f\u00fcr ihr Interesse am MSC Kassel und nat\u00fcrlich auch den Aktiven hinter den Theken f\u00fcr ihr Engagement.\r\n\r\n<!-- wp:media-text {\"align\":\"wide\"} -->\r\n<div class=\"wp-block-media-text alignwide is-stacked-on-mobile\">\r\n<div class=\"wp-block-media-text__content\"><!-- wp:paragraph {\"placeholder\":\"Inhalt\u2026\"} --><\/div>\r\n<\/div><!-- \/wp:post-content -->","protected":false},"excerpt":{"rendered":"<p>Tag der Kids mit anschlie\u00dfender &#8222;Sommernacht am Idel&#8220; Um es gleich vorweg zu sagen, der Tag der Kids rund um die Rennstrecke &#8222;Am Idel&#8220; war ein grandioser Erfolg. Mit einem solchen Zuspruch hatten wir selber nicht gerechnet. Schon vor 10 Uhr bildete sich vor dem Eingang zu E-Strecke eine lange Warteschlange, die aber von allen &hellip; <a href=\"https:\/\/msc-kassel.de\/?page_id=1110\" class=\"more-link\"><span class=\"screen-reader-text\">Events 2022<\/span> weiterlesen<\/a><\/p>\n","protected":false},"author":3,"featured_media":0,"parent":0,"menu_order":0,"comment_status":"closed","ping_status":"closed","template":"","meta":{"footnotes":""},"class_list":["post-1110","page","type-page","status-publish","hentry"],"_links":{"self":[{"href":"https:\/\/msc-kassel.de\/index.php?rest_route=\/wp\/v2\/pages\/1110","targetHints":{"allow":["GET"]}}],"collection":[{"href":"https:\/\/msc-kassel.de\/index.php?rest_route=\/wp\/v2\/pages"}],"about":[{"href":"https:\/\/msc-kassel.de\/index.php?rest_route=\/wp\/v2\/types\/page"}],"author":[{"embeddable":true,"href":"https:\/\/msc-kassel.de\/index.php?rest_route=\/wp\/v2\/users\/3"}],"replies":[{"embeddable":true,"href":"https:\/\/msc-kassel.de\/index.php?rest_route=%2Fwp%2Fv2%2Fcomments&post=1110"}],"version-history":[{"count":2,"href":"https:\/\/msc-kassel.de\/index.php?rest_route=\/wp\/v2\/pages\/1110\/revisions"}],"predecessor-version":[{"id":1114,"href":"https:\/\/msc-kassel.de\/index.php?rest_route=\/wp\/v2\/pages\/1110\/revisions\/1114"}],"wp:attachment":[{"href":"https:\/\/msc-kassel.de\/index.php?rest_route=%2Fwp%2Fv2%2Fmedia&parent=1110"}],"curies":[{"name":"wp","href":"https:\/\/api.w.org\/{rel}","templated":true}]}}