{"id":219,"date":"2018-11-20T10:26:02","date_gmt":"2018-11-20T10:26:02","guid":{"rendered":"http:\/\/msc-kassel.de\/?page_id=219"},"modified":"2019-10-03T10:25:05","modified_gmt":"2019-10-03T08:25:05","slug":"1987-2002","status":"publish","type":"page","link":"https:\/\/msc-kassel.de\/?page_id=219","title":{"rendered":"1987 \u2013 2002"},"content":{"rendered":"<p><img loading=\"lazy\" decoding=\"async\" class=\"size-medium wp-image-226 alignleft\" src=\"http:\/\/msc-kassel.de\/wp-content\/uploads\/2018\/11\/Saloon-300x190.jpg\" alt=\"\" width=\"300\" height=\"190\" srcset=\"https:\/\/msc-kassel.de\/wp-content\/uploads\/2018\/11\/Saloon-300x190.jpg 300w, https:\/\/msc-kassel.de\/wp-content\/uploads\/2018\/11\/Saloon.jpg 600w\" sizes=\"auto, (max-width: 300px) 100vw, 300px\" \/>Neben den Rennveranstaltungen organisiert der MSC traditionell j\u00e4hrlich einen Faschingsball. Zun\u00e4chst wurde dieser Maskenball im Saal zum goldenen Fass durchgef\u00fchrt. Ende der 80er, Anfang der 90er Jahre war die Country- und Westernmusik sehr popul\u00e4r und es gab eine Reihe von entsprechenden Country- und Westernclubs in der Region. Der MSC entschied sich daher vom althergebrachten Maskenball auf einen Westernball zu wechseln. Die Westernb\u00e4lle wurden im B\u00fcrgerhaus Biebergem\u00fcnd abgehalten. Es wurde eigens ein passender Saloon aufgebaut. Nach einigen Jahren lie\u00df die Resonanz jedoch nach. Auch die \u201enormalen\u201c Faschingsveranstaltungen im B\u00fcrgerhaus lie\u00dfen mittlerweile zu w\u00fcnschen \u00fcbrig. Hier hatte Willi Fingerhut die rettende Idee. Wir veranstalten wieder einen traditionellen Maskenball mitten im Dorf und nicht im B\u00fcrgerhaus. So wurde im Jahr 1994 ein Maskenball nach althergebrachter Tradition erneut im Saal \u201eZum goldenen Fa\u00df\u201c organisiert. <br clear=\"all\" \/>Es gab eine besondere Situation im Fasching 1996. Die Kapelle die bereits zweimal am Rosenmontag gespielt hatte, erschien zur dritten Veranstaltung nicht. Der Manager der Band hatte den Termin vergessen. Krampfhaft wurde nach Ersatz gesucht. An diesem Abend rettete kurzfristig die Kapelle &#8222;Jokas&#8220; mit ihrem Bandleader Josef Eichhorn die Veranstaltung.<\/p>\n<p><img loading=\"lazy\" decoding=\"async\" class=\"size-medium wp-image-223 alignright\" src=\"http:\/\/msc-kassel.de\/wp-content\/uploads\/2018\/11\/EM_1987_500ccm_Zeitungsbericht-242x300.jpg\" alt=\"\" width=\"242\" height=\"300\" srcset=\"https:\/\/msc-kassel.de\/wp-content\/uploads\/2018\/11\/EM_1987_500ccm_Zeitungsbericht-242x300.jpg 242w, https:\/\/msc-kassel.de\/wp-content\/uploads\/2018\/11\/EM_1987_500ccm_Zeitungsbericht.jpg 700w\" sizes=\"auto, (max-width: 242px) 100vw, 242px\" \/>Doch nun wieder zur\u00fcck zum Sport. Wir befinden uns gerade im Jahre 1987, indem der MSC Kassel\/Spessart sein 30j\u00e4hriges Bestehen feierte. Es wurde ein MotoCross Europameisterschaftslauf in der K\u00f6nigsklasse bis 500ccm ausgetragen. Der Sieger war wie schon 5 Jahre zuvor Eddi Nuyts. Sie sehen anhand des damaligen Zeitungsberichtes vom 4. Juni 1987 dass es f\u00fcr das Belgische Team ein sehr erfolgreiches Wochenende war. F\u00fcr den MSC Kassel starteten damals u.a. Werner H\u00e4rle, Marco Paulowitsch und Uwe Reu\u00dfwig, wie aus dem Zeitungsbericht zu entnehmen ist.<\/p>\n<p><img loading=\"lazy\" decoding=\"async\" class=\"size-medium wp-image-222 alignleft\" src=\"http:\/\/msc-kassel.de\/wp-content\/uploads\/2018\/11\/Ausflug_Suedtirol-300x175.jpg\" alt=\"\" width=\"300\" height=\"175\" srcset=\"https:\/\/msc-kassel.de\/wp-content\/uploads\/2018\/11\/Ausflug_Suedtirol-300x175.jpg 300w, https:\/\/msc-kassel.de\/wp-content\/uploads\/2018\/11\/Ausflug_Suedtirol.jpg 653w\" sizes=\"auto, (max-width: 300px) 100vw, 300px\" \/>Es gab nat\u00fcrlich in den letzten 50 Jahren auch einige Vereinsausfl\u00fcge des MSC Kassel. So wurden Fahrten unternommen nach Paris, in den Freizeitpark Tripsdrill, ins Technikmuseum Sinsheim, nach S\u00fcdtirol, es wurden Weinfeste in Franken besucht, MotoCross Veranstaltungen in den Dortmunder Westfalenhallen und nicht zu vergessen die legend\u00e4ren Skiausfl\u00fcge nach Obertauern.<\/p>\n<p><img loading=\"lazy\" decoding=\"async\" class=\"size-medium wp-image-224 alignright\" src=\"http:\/\/msc-kassel.de\/wp-content\/uploads\/2018\/11\/EM_SWG_1997-300x230.jpg\" alt=\"\" width=\"300\" height=\"230\" srcset=\"https:\/\/msc-kassel.de\/wp-content\/uploads\/2018\/11\/EM_SWG_1997-300x230.jpg 300w, https:\/\/msc-kassel.de\/wp-content\/uploads\/2018\/11\/EM_SWG_1997.jpg 700w\" sizes=\"auto, (max-width: 300px) 100vw, 300px\" \/>Im Jahr 1997 galt es das 40-j\u00e4hrige Vereinsjubil\u00e4um zu feiern. Der MSC Kassel Spessart f\u00fchrte einen Europameisterschaftslauf der Seitenwagenklasse durch. Wie bereits 15 und 10 Jahre zuvor hie\u00df der Sieger Eddy Nuyts. Er hatte mittlerweile vom Solomotorrad auf den Seitenwagen gewechselt.<\/p>\n<p>Seit 1997 wurden Rennen zur Deutschen Amateur Meisterschaft DAM durchgef\u00fchrt.<\/p>\n<p><img loading=\"lazy\" decoding=\"async\" class=\"size-medium wp-image-225 alignleft\" src=\"http:\/\/msc-kassel.de\/wp-content\/uploads\/2018\/11\/Loisa-170x300.jpg\" alt=\"\" width=\"170\" height=\"300\" srcset=\"https:\/\/msc-kassel.de\/wp-content\/uploads\/2018\/11\/Loisa-170x300.jpg 170w, https:\/\/msc-kassel.de\/wp-content\/uploads\/2018\/11\/Loisa.jpg 226w\" sizes=\"auto, (max-width: 170px) 100vw, 170px\" \/>Wir kommen zum Jahr 2002. Es sollte wieder ein Rennen zur Deutschen-Amateur-Meisterschaft ausgetragen werden. Doch das Wetter hatte etwas anderes vor. Es goss die Woche vorher bis zum Rennsamstag Abend unentwegt, so dass der MSC Kassel beschlie\u00dfen musste die Rennen am Sonntag abzusagen. Wie sie sehen, konnte jedoch der ein oder andere Gast der Situation durchaus etwas positives abgewinnen. Die ausgefallenen Rennen wurden im August, diesmal bei Sonnenschein, nachgeholt.<\/p>\n","protected":false},"excerpt":{"rendered":"<p>Neben den Rennveranstaltungen organisiert der MSC traditionell j\u00e4hrlich einen Faschingsball. Zun\u00e4chst wurde dieser Maskenball im Saal zum goldenen Fass durchgef\u00fchrt. Ende der 80er, Anfang der 90er Jahre war die Country- und Westernmusik sehr popul\u00e4r und es gab eine Reihe von entsprechenden Country- und Westernclubs in der Region. Der MSC entschied sich daher vom althergebrachten Maskenball &hellip; <a href=\"https:\/\/msc-kassel.de\/?page_id=219\" class=\"more-link\"><span class=\"screen-reader-text\">1987 \u2013 2002<\/span> weiterlesen<\/a><\/p>\n","protected":false},"author":1,"featured_media":0,"parent":0,"menu_order":0,"comment_status":"closed","ping_status":"closed","template":"","meta":{"footnotes":""},"class_list":["post-219","page","type-page","status-publish","hentry"],"_links":{"self":[{"href":"https:\/\/msc-kassel.de\/index.php?rest_route=\/wp\/v2\/pages\/219","targetHints":{"allow":["GET"]}}],"collection":[{"href":"https:\/\/msc-kassel.de\/index.php?rest_route=\/wp\/v2\/pages"}],"about":[{"href":"https:\/\/msc-kassel.de\/index.php?rest_route=\/wp\/v2\/types\/page"}],"author":[{"embeddable":true,"href":"https:\/\/msc-kassel.de\/index.php?rest_route=\/wp\/v2\/users\/1"}],"replies":[{"embeddable":true,"href":"https:\/\/msc-kassel.de\/index.php?rest_route=%2Fwp%2Fv2%2Fcomments&post=219"}],"version-history":[{"count":5,"href":"https:\/\/msc-kassel.de\/index.php?rest_route=\/wp\/v2\/pages\/219\/revisions"}],"predecessor-version":[{"id":459,"href":"https:\/\/msc-kassel.de\/index.php?rest_route=\/wp\/v2\/pages\/219\/revisions\/459"}],"wp:attachment":[{"href":"https:\/\/msc-kassel.de\/index.php?rest_route=%2Fwp%2Fv2%2Fmedia&parent=219"}],"curies":[{"name":"wp","href":"https:\/\/api.w.org\/{rel}","templated":true}]}}